{"id":39,"date":"2023-11-27T09:13:28","date_gmt":"2023-11-27T09:13:28","guid":{"rendered":"https:\/\/demo.bravisthemes.com\/graviton\/?page_id=39"},"modified":"2026-04-27T21:23:01","modified_gmt":"2026-04-27T19:23:01","slug":"realizacje","status":"publish","type":"page","link":"https:\/\/tibro.pl\/?page_id=39","title":{"rendered":"Realizacje"},"content":{"rendered":"\t\t<div data-elementor-type=\"wp-page\" data-elementor-id=\"39\" class=\"elementor elementor-39\">\n\t\t\t\t        <section class=\"elementor-section elementor-top-section elementor-element elementor-element-e6b3e10 elementor-section-boxed elementor-section-height-default elementor-section-height-default pxl-row-scroll-none pxl-zoom-point-false pxl-section-overflow-visible pxl-section-fix-none pxl-bg-color-none pxl-section-overlay-none\" data-id=\"e6b3e10\" data-element_type=\"section\">\n\n                \n                <div class=\"elementor-container elementor-column-gap-default \">\n                <div class=\"elementor-column elementor-col-100 elementor-top-column elementor-element elementor-element-e4f3a24 pxl-column-none pxl-column-overflow-hidden-no\" data-id=\"e4f3a24\" data-element_type=\"column\">\r\n        <div class=\"elementor-widget-wrap elementor-element-populated\">\r\n                     \r\n        \t\t<div class=\"elementor-element elementor-element-7eb1850 post-layout-portfolio-5 elementor-widget elementor-widget-pxl_post_carousel\" data-id=\"7eb1850\" data-element_type=\"widget\" data-widget_type=\"pxl_post_carousel.default\">\n\t\t\t\t<div class=\"elementor-widget-container\">\n\t\t\t\t\t\n    <div class=\"pxl-swiper-slider pxl-portfolio-carousel pxl-portfolio-carousel5 pxl-portfolio-style1 \">\n            <div class=\"pxl-carousel-inner\" >\n        <div class=\"pxl-swiper-container\" dir=\"ltr\" data-settings=\"{&quot;slide_direction&quot;:&quot;horizontal&quot;,&quot;slide_percolumn&quot;:1,&quot;slide_percolumnfill&quot;:1,&quot;slide_mode&quot;:&quot;slide&quot;,&quot;center_slide&quot;:false,&quot;slides_to_show&quot;:3,&quot;slides_to_show_xxl&quot;:3,&quot;slides_to_show_lg&quot;:3,&quot;slides_to_show_md&quot;:2,&quot;slides_to_show_sm&quot;:2,&quot;slides_to_show_xs&quot;:1,&quot;slides_to_scroll&quot;:1,&quot;slides_gutter&quot;:30,&quot;arrow&quot;:false,&quot;pagination&quot;:false,&quot;pagination_type&quot;:&quot;bullets&quot;,&quot;autoplay&quot;:false,&quot;pause_on_hover&quot;:true,&quot;pause_on_interaction&quot;:true,&quot;delay&quot;:5000,&quot;loop&quot;:&quot;true&quot;,&quot;speed&quot;:500,&quot;center&quot;:false}\">\n            <div class=\"pxl-swiper-wrapper\">\n                <br \/>\n<b>Warning<\/b>:  Trying to access array offset on false in <b>\/home\/virtualki\/174080\/public_html\/wp-content\/themes\/graviton\/elements\/templates\/pxl_post_carousel\/layout-portfolio-5.php<\/b> on line <b>150<\/b><br \/>\n<br \/>\n<b>Warning<\/b>:  Trying to access array offset on false in <b>\/home\/virtualki\/174080\/public_html\/wp-content\/themes\/graviton\/elements\/templates\/pxl_post_carousel\/layout-portfolio-5.php<\/b> on line <b>151<\/b><br \/>\n                    <div class=\"pxl-swiper-slide\" data-filter=\"ul-test-2 wiaty\" >\n                        <div class=\"pxl-post--inner  wow\" style=\"background-image:url();\">\n                            <div class=\"pxl-front\">\n                                                                    <div class=\"pxl-post--category\">\n                                        <a href=\"https:\/\/tibro.pl\/?portfolio-category=ul-test-2\" rel=\"tag\">ul. test 2<\/a>, <a href=\"https:\/\/tibro.pl\/?portfolio-category=wiaty\" rel=\"tag\">Wiaty<\/a>                                    <\/div>\n                                                                <h5 class=\"pxl-post--title\">\n                                    <a href=\"https:\/\/tibro.pl\/?portfolio=sm-dab-test_2\">SM D\u0104B &#8211; ul. Test 2<\/a>\n                                <\/h5>\n                            <\/div>\n                            <div class=\"pxl-post--holder\">\n                                <div class=\"wrap-content\">\n                                                                            <div class=\"pxl-post--category\">\n                                            <a href=\"https:\/\/tibro.pl\/?portfolio-category=ul-test-2\" rel=\"tag\">ul. test 2<\/a>, <a href=\"https:\/\/tibro.pl\/?portfolio-category=wiaty\" rel=\"tag\">Wiaty<\/a>                                        <\/div>\n                                                                        <h5 class=\"pxl-post--title\">\n                                        <a href=\"https:\/\/tibro.pl\/?portfolio=sm-dab-test_2\">SM D\u0104B &#8211; ul. Test 2<\/a>\n                                    <\/h5>\n                                                                                                                <div class=\"pxl-post--content\">\n                                                                                                                                                                                <\/div>\n                                                                        <div class=\"btn-readmore\">\n                                        <a href=\"https:\/\/tibro.pl\/?portfolio=sm-dab-test_2\">   \n                                            <span class=\"button-arrow-hover\">\n                                                <i class=\"far fa-arrow-right\"><\/i>\n                                                <i class=\"far fa-arrow-right\"><\/i>\n                                            <\/span>\n                                        <\/a>\n                                    <\/div>\n                                <\/div>\n                            <\/div>\n                        <\/div>\n                    <\/div>\n                <br \/>\n<b>Warning<\/b>:  Trying to access array offset on false in <b>\/home\/virtualki\/174080\/public_html\/wp-content\/themes\/graviton\/elements\/templates\/pxl_post_carousel\/layout-portfolio-5.php<\/b> on line <b>150<\/b><br \/>\n<br \/>\n<b>Warning<\/b>:  Trying to access array offset on false in <b>\/home\/virtualki\/174080\/public_html\/wp-content\/themes\/graviton\/elements\/templates\/pxl_post_carousel\/layout-portfolio-5.php<\/b> on line <b>151<\/b><br \/>\n                    <div class=\"pxl-swiper-slide\" data-filter=\"drzwi ul-jasna\" >\n                        <div class=\"pxl-post--inner  wow\" style=\"background-image:url();\">\n                            <div class=\"pxl-front\">\n                                                                    <div class=\"pxl-post--category\">\n                                        <a href=\"https:\/\/tibro.pl\/?portfolio-category=drzwi\" rel=\"tag\">Drzwi<\/a>, <a href=\"https:\/\/tibro.pl\/?portfolio-category=ul-jasna\" rel=\"tag\">ul. Jasna<\/a>                                    <\/div>\n                                                                <h5 class=\"pxl-post--title\">\n                                    <a href=\"https:\/\/tibro.pl\/?portfolio=s-p-dab-ul-jasna\">SM D\u0104B &#8211; ul. Jasna<\/a>\n                                <\/h5>\n                            <\/div>\n                            <div class=\"pxl-post--holder\">\n                                <div class=\"wrap-content\">\n                                                                            <div class=\"pxl-post--category\">\n                                            <a href=\"https:\/\/tibro.pl\/?portfolio-category=drzwi\" rel=\"tag\">Drzwi<\/a>, <a href=\"https:\/\/tibro.pl\/?portfolio-category=ul-jasna\" rel=\"tag\">ul. Jasna<\/a>                                        <\/div>\n                                                                        <h5 class=\"pxl-post--title\">\n                                        <a href=\"https:\/\/tibro.pl\/?portfolio=s-p-dab-ul-jasna\">SM D\u0104B &#8211; ul. Jasna<\/a>\n                                    <\/h5>\n                                                                                                                <div class=\"pxl-post--content\">\n                                                                                                                                                                                <\/div>\n                                                                        <div class=\"btn-readmore\">\n                                        <a href=\"https:\/\/tibro.pl\/?portfolio=s-p-dab-ul-jasna\">   \n                                            <span class=\"button-arrow-hover\">\n                                                <i class=\"far fa-arrow-right\"><\/i>\n                                                <i class=\"far fa-arrow-right\"><\/i>\n                                            <\/span>\n                                        <\/a>\n                                    <\/div>\n                                <\/div>\n                            <\/div>\n                        <\/div>\n                    <\/div>\n                <br \/>\n<b>Warning<\/b>:  Trying to access array offset on false in <b>\/home\/virtualki\/174080\/public_html\/wp-content\/themes\/graviton\/elements\/templates\/pxl_post_carousel\/layout-portfolio-5.php<\/b> on line <b>150<\/b><br \/>\n<br \/>\n<b>Warning<\/b>:  Trying to access array offset on false in <b>\/home\/virtualki\/174080\/public_html\/wp-content\/themes\/graviton\/elements\/templates\/pxl_post_carousel\/layout-portfolio-5.php<\/b> on line <b>151<\/b><br \/>\n                    <div class=\"pxl-swiper-slide\" data-filter=\"drzwi ul-test-1\" >\n                        <div class=\"pxl-post--inner  wow\" style=\"background-image:url();\">\n                            <div class=\"pxl-front\">\n                                                                    <div class=\"pxl-post--category\">\n                                        <a href=\"https:\/\/tibro.pl\/?portfolio-category=drzwi\" rel=\"tag\">Drzwi<\/a>, <a href=\"https:\/\/tibro.pl\/?portfolio-category=ul-test-1\" rel=\"tag\">ul. Test 1<\/a>                                    <\/div>\n                                                                <h5 class=\"pxl-post--title\">\n                                    <a href=\"https:\/\/tibro.pl\/?portfolio=household-electricity\">Household Electricity<\/a>\n                                <\/h5>\n                            <\/div>\n                            <div class=\"pxl-post--holder\">\n                                <div class=\"wrap-content\">\n                                                                            <div class=\"pxl-post--category\">\n                                            <a href=\"https:\/\/tibro.pl\/?portfolio-category=drzwi\" rel=\"tag\">Drzwi<\/a>, <a href=\"https:\/\/tibro.pl\/?portfolio-category=ul-test-1\" rel=\"tag\">ul. Test 1<\/a>                                        <\/div>\n                                                                        <h5 class=\"pxl-post--title\">\n                                        <a href=\"https:\/\/tibro.pl\/?portfolio=household-electricity\">Household Electricity<\/a>\n                                    <\/h5>\n                                                                                                                <div class=\"pxl-post--content\">\n                                                                                            Bring to the table win-win survival strategies to ensure proactive domination. At the end of the day, going forward, a new normal                                                                                    <\/div>\n                                                                        <div class=\"btn-readmore\">\n                                        <a href=\"https:\/\/tibro.pl\/?portfolio=household-electricity\">   \n                                            <span class=\"button-arrow-hover\">\n                                                <i class=\"far fa-arrow-right\"><\/i>\n                                                <i class=\"far fa-arrow-right\"><\/i>\n                                            <\/span>\n                                        <\/a>\n                                    <\/div>\n                                <\/div>\n                            <\/div>\n                        <\/div>\n                    <\/div>\n                            <\/div> \n\n        <\/div>\n        <div class=\"container wrap-arrow\">\n                                <\/div>\n    <\/div>\n<\/div>\n\t\t\t\t<\/div>\n\t\t\t\t<\/div>\n\t\t            <\/div>\r\n        <\/div>\r\n        \t\t\t<\/div>\n\t\t<\/section>\n\t\t\t\t<\/div>\n\t\t","protected":false},"excerpt":{"rendered":"<p>ul. test 2, Wiaty SM D\u0104B &#8211; ul. Test 2 ul. test 2, Wiaty SM D\u0104B &#8211; ul. Test 2 Drzwi, ul. Jasna SM D\u0104B &#8211; ul. Jasna Drzwi, ul. Jasna SM D\u0104B &#8211; ul. Jasna Drzwi, ul. Test 1 Household Electricity Drzwi, ul. Test 1 Household Electricity Bring to the table win-win survival strategies [&hellip;]<\/p>\n","protected":false},"author":1,"featured_media":0,"parent":28,"menu_order":0,"comment_status":"closed","ping_status":"closed","template":"","meta":{"footnotes":""},"class_list":["post-39","page","type-page","status-publish","hentry"],"_links":{"self":[{"href":"https:\/\/tibro.pl\/index.php?rest_route=\/wp\/v2\/pages\/39","targetHints":{"allow":["GET"]}}],"collection":[{"href":"https:\/\/tibro.pl\/index.php?rest_route=\/wp\/v2\/pages"}],"about":[{"href":"https:\/\/tibro.pl\/index.php?rest_route=\/wp\/v2\/types\/page"}],"author":[{"embeddable":true,"href":"https:\/\/tibro.pl\/index.php?rest_route=\/wp\/v2\/users\/1"}],"replies":[{"embeddable":true,"href":"https:\/\/tibro.pl\/index.php?rest_route=%2Fwp%2Fv2%2Fcomments&post=39"}],"version-history":[{"count":20,"href":"https:\/\/tibro.pl\/index.php?rest_route=\/wp\/v2\/pages\/39\/revisions"}],"predecessor-version":[{"id":17411,"href":"https:\/\/tibro.pl\/index.php?rest_route=\/wp\/v2\/pages\/39\/revisions\/17411"}],"up":[{"embeddable":true,"href":"https:\/\/tibro.pl\/index.php?rest_route=\/wp\/v2\/pages\/28"}],"wp:attachment":[{"href":"https:\/\/tibro.pl\/index.php?rest_route=%2Fwp%2Fv2%2Fmedia&parent=39"}],"curies":[{"name":"wp","href":"https:\/\/api.w.org\/{rel}","templated":true}]}}